{"id":17947,"date":"2021-12-16T18:18:52","date_gmt":"2021-12-16T18:18:52","guid":{"rendered":"https:\/\/metodo.mx\/socios\/"},"modified":"2022-01-04T16:41:49","modified_gmt":"2022-01-04T16:41:49","slug":"partners","status":"publish","type":"page","link":"https:\/\/metodo.mx\/en\/partners\/","title":{"rendered":"Partners"},"content":{"rendered":"<div class=\"wpb-content-wrapper\"><p>[vc_row css_animation=&#8221;&#8221; row_type=&#8221;row&#8221; use_row_as_full_screen_section=&#8221;no&#8221; type=&#8221;grid&#8221; angled_section=&#8221;no&#8221; text_align=&#8221;left&#8221; background_image_as_pattern=&#8221;without_pattern&#8221; anchor=&#8221;portfolio&#8221; background_color=&#8221;#ffffff&#8221; padding_top=&#8221;80&#8243;][vc_column offset=&#8221;vc_col-lg-offset-0 vc_col-xs-12&#8243; css=&#8221;.vc_custom_1466555714971{padding-right: 50px !important;padding-left: 50px !important;}&#8221;][vc_column_text]<\/p>\n<h2 style=\"text-align: center;\">PARTNERS<\/h2>\n<p>[\/vc_column_text][vc_separator type=&#8221;small&#8221; position=&#8221;center&#8221; thickness=&#8221;1&#8243; up=&#8221;21&#8243; down=&#8221;57&#8243;][\/vc_column][\/vc_row][vc_row css_animation=&#8221;&#8221; row_type=&#8221;row&#8221; use_row_as_full_screen_section=&#8221;no&#8221; type=&#8221;full_width&#8221; angled_section=&#8221;no&#8221; text_align=&#8221;left&#8221; background_image_as_pattern=&#8221;without_pattern&#8221;][vc_column css=&#8221;.vc_custom_1499812868606{padding-right: 15% !important;padding-left: 15% !important;}&#8221;][vc_row_inner row_type=&#8221;row&#8221; type=&#8221;full_width&#8221; text_align=&#8221;left&#8221; css_animation=&#8221;&#8221; anchor=&#8221;bernardo&#8221;][vc_column_inner width=&#8221;1\/2&#8243;][vc_single_image image=&#8221;17909&#8243; img_size=&#8221;full&#8221; qode_css_animation=&#8221;&#8221; css=&#8221;.vc_custom_1639612108335{padding-top: 5% !important;padding-right: 5% !important;padding-bottom: 5% !important;padding-left: 5% !important;}&#8221;][\/vc_column_inner][vc_column_inner width=&#8221;1\/2&#8243; css=&#8221;.vc_custom_1639612406475{padding-left: 5% !important;}&#8221;][vc_empty_space height=&#8221;13px&#8221;][vc_column_text]<strong>BERNARDO GARC\u00cdA AGR\u00cdCOLA<\/strong> (Bogota, 1983)[\/vc_column_text][vc_empty_space height=&#8221;20px&#8221;][vc_column_text]Studied architecture and urban planning in \u201cUniversidad Iberoamericana in Mexico City&#8221; (2007) and in \u201cEscuela Superior T\u00e9cnica de Arquitectura de Madrid\u201d (2005). He also has a master degree in Advanced Architectural Design at Columbia University in New York (2011).[\/vc_column_text][vc_empty_space height=&#8221;10px&#8221;][vc_column_text]In 2012 he founded M\u00e9todo Arquitectos, an architectural firm based in Mexico City with a rep. office in Denver Colorado. M\u00e9todo has designed more than 150 projects and built more than 80 projects. In 2016 he founded with other partners Inmobiliaria Nodo Urbano, a real estate company dedicated to the development of commercial and housing projects.[\/vc_column_text][vc_empty_space height=&#8221;10px&#8221;][vc_column_text]His previous experience includes more than 15 years in the design and development of projects in firms such as Selldorf Architects in New York and ABAX Architects, among others.[\/vc_column_text][vc_empty_space height=&#8221;10px&#8221;][vc_column_text]Regarding his design philosophy, for Bernardo &#8230; &#8220;Architecture is a constant evolutionary experiment, a creative process or a METHOD (M\u00c9TODO) that widens our perspective to propose ideas that question our environment and way of inhabiting space.&#8221;[\/vc_column_text][vc_empty_space height=&#8221;10px&#8221;][vc_column_text]In 2018, he became a professor at \u201cUniversidad An\u00e1huac M\u00e9xico\u201d (2018-2021), where he taught the Studio Workshops in the Faculty of Architecture.[\/vc_column_text][vc_empty_space height=&#8221;13px&#8221;][\/vc_column_inner][\/vc_row_inner][vc_empty_space height=&#8221;20px&#8221;][vc_row_inner row_type=&#8221;row&#8221; type=&#8221;full_width&#8221; text_align=&#8221;left&#8221; css_animation=&#8221;&#8221; anchor=&#8221;maria&#8221;][vc_column_inner][vc_separator type=&#8221;normal&#8221; color=&#8221;#919191&#8243; thickness=&#8221;5px&#8221; down=&#8221;10px&#8221;][vc_empty_space height=&#8221;20px&#8221;][\/vc_column_inner][vc_column_inner width=&#8221;1\/2&#8243;][vc_single_image image=&#8221;17922&#8243; img_size=&#8221;full&#8221; qode_css_animation=&#8221;&#8221; css=&#8221;.vc_custom_1639613089820{padding-top: 5% !important;padding-right: 5% !important;padding-bottom: 5% !important;padding-left: 5% !important;}&#8221;][\/vc_column_inner][vc_column_inner width=&#8221;1\/2&#8243; css=&#8221;.vc_custom_1639612406475{padding-left: 5% !important;}&#8221;][vc_empty_space height=&#8221;13px&#8221;][vc_column_text]<strong>MAR\u00cdA JOS\u00c9 VILLARREAL ORD\u00d3\u00d1EZ<\/strong> (Mexico City, 1987)[\/vc_column_text][vc_empty_space height=&#8221;20px&#8221;][vc_column_text]Studied architecture in \u201cUniversidad An\u00e1huac M\u00e9xico Campus Norte\u201d (2011). She has multiple diplomas and studies from different institutions including: Parsons School of Design (2008) in New York, Central Saint Martin&#8217;s School of Art and Design (2010) in London, American University in Washington D.C. (2012), and Universidad Iberoamericana Campus Ciudad de M\u00e9xico (2015).[\/vc_column_text][vc_empty_space height=&#8221;10px&#8221;][vc_column_text]Mar\u00eda Jos\u00e9 has extensive professional experience in the architecture and construction field that has allowed her to integrate diverse areas of knowledge, resulting in a very complete and analytical perspective.[\/vc_column_text][vc_empty_space height=&#8221;10px&#8221;][vc_column_text]Her professional experience begins in \u201cDesarrolladora Inmobiliaria A&amp;L\u201d (2010-2012), later in \u201cLiverpool Department Stores Corporate\u201d (2013-2014) and later in &#8220;Grupo Barca&#8221; (2014) in the design and development of an office building located in Mexico City which obtained honorable mention in the 2nd Biennial of Young Architects in Mexico.[\/vc_column_text][vc_empty_space height=&#8221;10px&#8221;][vc_column_text]From 2014 she starts collaborating in M\u00e9todo Arquitectos where she has been dedicated to the direction and executive development of residential, corporate and commercial projects of different scales. Since 2019 Mar\u00eda Jos\u00e9 has been a partner of M\u00e9todo Arquitectos.[\/vc_column_text][vc_empty_space height=&#8221;13px&#8221;][\/vc_column_inner][\/vc_row_inner][vc_empty_space height=&#8221;20px&#8221;][vc_row_inner row_type=&#8221;row&#8221; type=&#8221;full_width&#8221; text_align=&#8221;left&#8221; css_animation=&#8221;&#8221; anchor=&#8221;ricardo&#8221;][vc_column_inner][vc_separator type=&#8221;normal&#8221; color=&#8221;#919191&#8243; thickness=&#8221;5px&#8221; down=&#8221;10px&#8221;][vc_empty_space height=&#8221;20px&#8221;][\/vc_column_inner][vc_column_inner width=&#8221;1\/2&#8243;][vc_single_image image=&#8221;17919&#8243; img_size=&#8221;full&#8221; qode_css_animation=&#8221;&#8221; css=&#8221;.vc_custom_1639612899526{padding-top: 5% !important;padding-right: 5% !important;padding-bottom: 5% !important;padding-left: 5% !important;}&#8221;][\/vc_column_inner][vc_column_inner width=&#8221;1\/2&#8243; css=&#8221;.vc_custom_1639612406475{padding-left: 5% !important;}&#8221;][vc_empty_space height=&#8221;13px&#8221;][vc_column_text]<strong>RICARDO FUENTES VILLAG\u00d3MEZ<\/strong> (Mexico City, 1991)[\/vc_column_text][vc_empty_space height=&#8221;20px&#8221;][vc_column_text]Studied architecture in \u201cUniversidad An\u00e1huac M\u00e9xico Campus Norte\u201d (2015).[\/vc_column_text][vc_empty_space height=&#8221;10px&#8221;][vc_column_text]Ricardo began his professional career designing different projects at Broissin Architects in Mexico City (2013-2015).[\/vc_column_text][vc_empty_space height=&#8221;10px&#8221;][vc_column_text]At the end of 2015 he began his collaboration in M\u00e9todo Arquitectos where over time he has gained experience in different areas of architecture and construction.[\/vc_column_text][vc_empty_space height=&#8221;10px&#8221;][vc_column_text]He has always been characterized for being passionate about architecture and design. [\/vc_column_text][vc_empty_space height=&#8221;10px&#8221;][vc_column_text]Regarding his design philosophy, for Ricardo&#8230; &#8220;The development of architecture should be a continuous evolution of solutions that respond to unique environments. It is a compilation of past learnings and knowledge.&#8221;[\/vc_column_text][vc_empty_space height=&#8221;10px&#8221;][vc_column_text]Ricardo has been a partner of M\u00e9todo Arquitectos since 2021 where he has been dedicated to the development of residential, corporate and commercial, and health care projects of different scales.[\/vc_column_text][\/vc_column_inner][\/vc_row_inner][vc_empty_space height=&#8221;100px&#8221;][\/vc_column][\/vc_row]<\/p>\n<\/div>","protected":false},"excerpt":{"rendered":"<p>[vc_row css_animation=&#8221;&#8221; row_type=&#8221;row&#8221; use_row_as_full_screen_section=&#8221;no&#8221; type=&#8221;grid&#8221; angled_section=&#8221;no&#8221; text_align=&#8221;left&#8221; background_image_as_pattern=&#8221;without_pattern&#8221; anchor=&#8221;portfolio&#8221; background_color=&#8221;#ffffff&#8221; padding_top=&#8221;80&#8243;][vc_column offset=&#8221;vc_col-lg-offset-0 vc_col-xs-12&#8243; css=&#8221;.vc_custom_1466555714971{padding-right: 50px !important;padding-left: 50px !important;}&#8221;][vc_column_text] PARTNERS [\/vc_column_text][vc_separator type=&#8221;small&#8221; position=&#8221;center&#8221; thickness=&#8221;1&#8243; up=&#8221;21&#8243; down=&#8221;57&#8243;][\/vc_column][\/vc_row][vc_row css_animation=&#8221;&#8221; row_type=&#8221;row&#8221; use_row_as_full_screen_section=&#8221;no&#8221; type=&#8221;full_width&#8221; angled_section=&#8221;no&#8221; text_align=&#8221;left&#8221; background_image_as_pattern=&#8221;without_pattern&#8221;][vc_column css=&#8221;.vc_custom_1499812868606{padding-right: 15% !important;padding-left: 15% !important;}&#8221;][vc_row_inner row_type=&#8221;row&#8221; type=&#8221;full_width&#8221; text_align=&#8221;left&#8221; css_animation=&#8221;&#8221; anchor=&#8221;bernardo&#8221;][vc_column_inner width=&#8221;1\/2&#8243;][vc_single_image image=&#8221;17909&#8243; img_size=&#8221;full&#8221;&#8230;<\/p>\n","protected":false},"author":10,"featured_media":0,"parent":0,"menu_order":0,"comment_status":"closed","ping_status":"closed","template":"","meta":{"footnotes":""},"yoast_head":"<!-- This site is optimized with the Yoast SEO plugin v22.8 - https:\/\/yoast.com\/wordpress\/plugins\/seo\/ -->\n<title>Partners | metodo<\/title>\n<meta name=\"robots\" content=\"index, follow, max-snippet:-1, max-image-preview:large, max-video-preview:-1\" \/>\n<link rel=\"canonical\" href=\"https:\/\/metodo.mx\/en\/partners\/\" \/>\n<meta property=\"og:locale\" content=\"en_US\" \/>\n<meta property=\"og:type\" content=\"article\" \/>\n<meta property=\"og:title\" content=\"Partners | metodo\" \/>\n<meta property=\"og:description\" content=\"[vc_row css_animation=&#8221;&#8221; row_type=&#8221;row&#8221; use_row_as_full_screen_section=&#8221;no&#8221; type=&#8221;grid&#8221; angled_section=&#8221;no&#8221; text_align=&#8221;left&#8221; background_image_as_pattern=&#8221;without_pattern&#8221; anchor=&#8221;portfolio&#8221; background_color=&#8221;#ffffff&#8221; padding_top=&#8221;80&#8243;][vc_column offset=&#8221;vc_col-lg-offset-0 vc_col-xs-12&#8243; css=&#8221;.vc_custom_1466555714971{padding-right: 50px !important;padding-left: 50px !important;}&#8221;][vc_column_text] PARTNERS [\/vc_column_text][vc_separator type=&#8221;small&#8221; position=&#8221;center&#8221; thickness=&#8221;1&#8243; up=&#8221;21&#8243; down=&#8221;57&#8243;][\/vc_column][\/vc_row][vc_row css_animation=&#8221;&#8221; row_type=&#8221;row&#8221; use_row_as_full_screen_section=&#8221;no&#8221; type=&#8221;full_width&#8221; angled_section=&#8221;no&#8221; text_align=&#8221;left&#8221; background_image_as_pattern=&#8221;without_pattern&#8221;][vc_column css=&#8221;.vc_custom_1499812868606{padding-right: 15% !important;padding-left: 15% !important;}&#8221;][vc_row_inner row_type=&#8221;row&#8221; type=&#8221;full_width&#8221; text_align=&#8221;left&#8221; css_animation=&#8221;&#8221; anchor=&#8221;bernardo&#8221;][vc_column_inner width=&#8221;1\/2&#8243;][vc_single_image image=&#8221;17909&#8243; img_size=&#8221;full&#8221;...\" \/>\n<meta property=\"og:url\" content=\"https:\/\/metodo.mx\/en\/partners\/\" \/>\n<meta property=\"og:site_name\" content=\"metodo\" \/>\n<meta property=\"article:publisher\" content=\"https:\/\/www.facebook.com\/metodoarquitectos\/?fref=ts\" \/>\n<meta property=\"article:modified_time\" content=\"2022-01-04T16:41:49+00:00\" \/>\n<meta name=\"twitter:card\" content=\"summary_large_image\" \/>\n<meta name=\"twitter:label1\" content=\"Est. reading time\" \/>\n\t<meta name=\"twitter:data1\" content=\"5 minutes\" \/>\n<script type=\"application\/ld+json\" class=\"yoast-schema-graph\">{\"@context\":\"https:\/\/schema.org\",\"@graph\":[{\"@type\":\"WebPage\",\"@id\":\"https:\/\/metodo.mx\/en\/partners\/\",\"url\":\"https:\/\/metodo.mx\/en\/partners\/\",\"name\":\"Partners | metodo\",\"isPartOf\":{\"@id\":\"https:\/\/metodo.mx\/#website\"},\"datePublished\":\"2021-12-16T18:18:52+00:00\",\"dateModified\":\"2022-01-04T16:41:49+00:00\",\"breadcrumb\":{\"@id\":\"https:\/\/metodo.mx\/en\/partners\/#breadcrumb\"},\"inLanguage\":\"en-US\",\"potentialAction\":[{\"@type\":\"ReadAction\",\"target\":[\"https:\/\/metodo.mx\/en\/partners\/\"]}]},{\"@type\":\"BreadcrumbList\",\"@id\":\"https:\/\/metodo.mx\/en\/partners\/#breadcrumb\",\"itemListElement\":[{\"@type\":\"ListItem\",\"position\":1,\"name\":\"Home\",\"item\":\"https:\/\/metodo.mx\/en\/\"},{\"@type\":\"ListItem\",\"position\":2,\"name\":\"Partners\"}]},{\"@type\":\"WebSite\",\"@id\":\"https:\/\/metodo.mx\/#website\",\"url\":\"https:\/\/metodo.mx\/\",\"name\":\"metodo\",\"description\":\"Arquitectos\",\"potentialAction\":[{\"@type\":\"SearchAction\",\"target\":{\"@type\":\"EntryPoint\",\"urlTemplate\":\"https:\/\/metodo.mx\/?s={search_term_string}\"},\"query-input\":\"required name=search_term_string\"}],\"inLanguage\":\"en-US\"}]}<\/script>\n<!-- \/ Yoast SEO plugin. -->","yoast_head_json":{"title":"Partners | metodo","robots":{"index":"index","follow":"follow","max-snippet":"max-snippet:-1","max-image-preview":"max-image-preview:large","max-video-preview":"max-video-preview:-1"},"canonical":"https:\/\/metodo.mx\/en\/partners\/","og_locale":"en_US","og_type":"article","og_title":"Partners | metodo","og_description":"[vc_row css_animation=&#8221;&#8221; row_type=&#8221;row&#8221; use_row_as_full_screen_section=&#8221;no&#8221; type=&#8221;grid&#8221; angled_section=&#8221;no&#8221; text_align=&#8221;left&#8221; background_image_as_pattern=&#8221;without_pattern&#8221; anchor=&#8221;portfolio&#8221; background_color=&#8221;#ffffff&#8221; padding_top=&#8221;80&#8243;][vc_column offset=&#8221;vc_col-lg-offset-0 vc_col-xs-12&#8243; css=&#8221;.vc_custom_1466555714971{padding-right: 50px !important;padding-left: 50px !important;}&#8221;][vc_column_text] PARTNERS [\/vc_column_text][vc_separator type=&#8221;small&#8221; position=&#8221;center&#8221; thickness=&#8221;1&#8243; up=&#8221;21&#8243; down=&#8221;57&#8243;][\/vc_column][\/vc_row][vc_row css_animation=&#8221;&#8221; row_type=&#8221;row&#8221; use_row_as_full_screen_section=&#8221;no&#8221; type=&#8221;full_width&#8221; angled_section=&#8221;no&#8221; text_align=&#8221;left&#8221; background_image_as_pattern=&#8221;without_pattern&#8221;][vc_column css=&#8221;.vc_custom_1499812868606{padding-right: 15% !important;padding-left: 15% !important;}&#8221;][vc_row_inner row_type=&#8221;row&#8221; type=&#8221;full_width&#8221; text_align=&#8221;left&#8221; css_animation=&#8221;&#8221; anchor=&#8221;bernardo&#8221;][vc_column_inner width=&#8221;1\/2&#8243;][vc_single_image image=&#8221;17909&#8243; img_size=&#8221;full&#8221;...","og_url":"https:\/\/metodo.mx\/en\/partners\/","og_site_name":"metodo","article_publisher":"https:\/\/www.facebook.com\/metodoarquitectos\/?fref=ts","article_modified_time":"2022-01-04T16:41:49+00:00","twitter_card":"summary_large_image","twitter_misc":{"Est. reading time":"5 minutes"},"schema":{"@context":"https:\/\/schema.org","@graph":[{"@type":"WebPage","@id":"https:\/\/metodo.mx\/en\/partners\/","url":"https:\/\/metodo.mx\/en\/partners\/","name":"Partners | metodo","isPartOf":{"@id":"https:\/\/metodo.mx\/#website"},"datePublished":"2021-12-16T18:18:52+00:00","dateModified":"2022-01-04T16:41:49+00:00","breadcrumb":{"@id":"https:\/\/metodo.mx\/en\/partners\/#breadcrumb"},"inLanguage":"en-US","potentialAction":[{"@type":"ReadAction","target":["https:\/\/metodo.mx\/en\/partners\/"]}]},{"@type":"BreadcrumbList","@id":"https:\/\/metodo.mx\/en\/partners\/#breadcrumb","itemListElement":[{"@type":"ListItem","position":1,"name":"Home","item":"https:\/\/metodo.mx\/en\/"},{"@type":"ListItem","position":2,"name":"Partners"}]},{"@type":"WebSite","@id":"https:\/\/metodo.mx\/#website","url":"https:\/\/metodo.mx\/","name":"metodo","description":"Arquitectos","potentialAction":[{"@type":"SearchAction","target":{"@type":"EntryPoint","urlTemplate":"https:\/\/metodo.mx\/?s={search_term_string}"},"query-input":"required name=search_term_string"}],"inLanguage":"en-US"}]}},"_links":{"self":[{"href":"https:\/\/metodo.mx\/en\/wp-json\/wp\/v2\/pages\/17947"}],"collection":[{"href":"https:\/\/metodo.mx\/en\/wp-json\/wp\/v2\/pages"}],"about":[{"href":"https:\/\/metodo.mx\/en\/wp-json\/wp\/v2\/types\/page"}],"author":[{"embeddable":true,"href":"https:\/\/metodo.mx\/en\/wp-json\/wp\/v2\/users\/10"}],"replies":[{"embeddable":true,"href":"https:\/\/metodo.mx\/en\/wp-json\/wp\/v2\/comments?post=17947"}],"version-history":[{"count":10,"href":"https:\/\/metodo.mx\/en\/wp-json\/wp\/v2\/pages\/17947\/revisions"}],"predecessor-version":[{"id":17962,"href":"https:\/\/metodo.mx\/en\/wp-json\/wp\/v2\/pages\/17947\/revisions\/17962"}],"wp:attachment":[{"href":"https:\/\/metodo.mx\/en\/wp-json\/wp\/v2\/media?parent=17947"}],"curies":[{"name":"wp","href":"https:\/\/api.w.org\/{rel}","templated":true}]}}